{"id":1279,"date":"2025-09-01T21:08:42","date_gmt":"2025-09-01T19:08:42","guid":{"rendered":"https:\/\/new.kielkowicz-stomatologia.pl\/?page_id=1279"},"modified":"2025-09-16T13:17:14","modified_gmt":"2025-09-16T11:17:14","slug":"welcome-2-2-2","status":"publish","type":"page","link":"https:\/\/kielkowicz-stomatologia.pl\/?page_id=1279","title":{"rendered":"Leczenie pr\u00f3chnicy i odbudowa z\u0119b\u00f3w"},"content":{"rendered":"\n<style type=\"text\/css\" data-created_by=\"avia_inline_auto\" id=\"style-css-av-mf1h5vj6-05500ccae9b76e12bec1e7028797cad1\">\n#top .av-special-heading.av-mf1h5vj6-05500ccae9b76e12bec1e7028797cad1{\npadding-bottom:10px;\n}\nbody .av-special-heading.av-mf1h5vj6-05500ccae9b76e12bec1e7028797cad1 .av-special-heading-tag .heading-char{\nfont-size:25px;\n}\n.av-special-heading.av-mf1h5vj6-05500ccae9b76e12bec1e7028797cad1 .av-subheading{\nfont-size:15px;\n}\n<\/style>\n<div  class='av-special-heading av-mf1h5vj6-05500ccae9b76e12bec1e7028797cad1 av-special-heading-h3  avia-builder-el-0  el_before_av_one_full  avia-builder-el-first '><h3 class='av-special-heading-tag'  itemprop=\"headline\"  >Leczenie pr\u00f3chnicy i odbudowa z\u0119b\u00f3w<\/h3><div class=\"special-heading-border\"><div class=\"special-heading-inner-border\"><\/div><\/div><\/div>\n<div  class='flex_column av-ysjay-ba84e4e07b7b2bf45eaec66478506713 av_one_full  avia-builder-el-1  el_after_av_heading  el_before_av_textblock  first flex_column_div  '     ><p>\n<style type=\"text\/css\" data-created_by=\"avia_inline_auto\" id=\"style-css-av-meh67vur-fa02fc981ad53625a08fb7b0406467d6\">\n.avia-image-container.av-meh67vur-fa02fc981ad53625a08fb7b0406467d6 img.avia_image{\nbox-shadow:none;\n}\n.avia-image-container.av-meh67vur-fa02fc981ad53625a08fb7b0406467d6 .av-image-caption-overlay-center{\ncolor:#ffffff;\nfont-size:19px;\n}\n<\/style>\n<div  class='avia-image-container av-meh67vur-fa02fc981ad53625a08fb7b0406467d6 av-styling- avia-align-center  avia-builder-el-2  el_before_av_textblock  avia-builder-el-first '   itemprop=\"image\" itemscope=\"itemscope\" itemtype=\"https:\/\/schema.org\/ImageObject\" ><div class=\"avia-image-container-inner\"><div class=\"avia-image-overlay-wrap\"><img decoding=\"async\" fetchpriority=\"high\" class='wp-image-1239 avia-img-lazy-loading-not-1239 avia_image ' src=\"https:\/\/kielkowicz-stomatologia.pl\/wp-content\/uploads\/2025\/08\/Dent013-1500x630.jpg\" alt='' title='And\u017celika Prusek'  height=\"630\" width=\"1500\"  itemprop=\"thumbnailUrl\"  \/><\/div><\/div><\/div><br \/>\n<section  class='av_textblock_section av-mf1ht0fo-bbe630eb337c7ff50b8abe815047e12c '   itemscope=\"itemscope\" itemtype=\"https:\/\/schema.org\/CreativeWork\" ><div class='avia_textblock'  itemprop=\"text\" ><p>And\u017celika Prusek<\/p>\n<\/div><\/section><\/p><\/div><section  class='av_textblock_section av-mf1hglq9-fa7ab44edbbe251de0d247c0779ad378 '   itemscope=\"itemscope\" itemtype=\"https:\/\/schema.org\/CreativeWork\" ><div class='avia_textblock'  itemprop=\"text\" ><p><strong>Dlaczego u nas?<\/strong><\/p>\n<ul>\n<li>Wieloletnie do\u015bwiadczenie<\/li>\n<li>Bounding<\/li>\n<li>Korony i mosty porcelanowe<\/li>\n<li>Protezy<\/li>\n<li>Op\u0142ata za konsultacj\u0119 odejmowana jest od ceny leczenia<\/li>\n<\/ul>\n<p><strong>W cenie leczenia niezale\u017cnie od ilo\u015bci wizyt zawarte s\u0105:<\/strong><\/p>\n<ul>\n<li>Wizyta kontrolna po leczeniu\u00a0 (za oko\u0142o p\u00f3\u0142 roku)<\/li>\n<li>Znieczulenie<\/li>\n<\/ul>\n<p><strong>Cennik:<\/strong><\/p>\n<ul>\n<li>odbudowa ubytku klasy I III i V (na jednej powierzchni) \u2013<strong> 350,00 z\u0142<\/strong><\/li>\n<li>odbudowa ubytk\u00f3w klasy II i IV (dwie powierzchnie) \u2013\u00a0 <strong>400,00 z\u0142<\/strong><\/li>\n<li>odbudowa ubytku klasy II (trzy powierzchnie) \u2013 <strong>500,00 z\u0142<\/strong><\/li>\n<li>korona porcelanowa na metalu \u2013<strong> 1200,00 z\u0142<\/strong><\/li>\n<li>nak\u0142ad (overlay) lubendokorona kompozytowa \u2013 <strong>800,00 z\u0142<\/strong><strong>\u00a0<\/strong><\/li>\n<li>wk\u0142ady z w\u0142\u00f3kna szklanego \u2013 <strong>400,00 z\u0142<\/strong><\/li>\n<li>komputerowe znieczulenie The Wand (dla ch\u0119tnych)- <strong>50,00 z\u0142<\/strong><\/li>\n<\/ul>\n<\/div><\/section><\/p>\n","protected":false},"excerpt":{"rendered":"","protected":false},"author":1,"featured_media":0,"parent":0,"menu_order":0,"comment_status":"closed","ping_status":"open","template":"","meta":{"footnotes":""},"class_list":["post-1279","page","type-page","status-publish","hentry"],"_links":{"self":[{"href":"https:\/\/kielkowicz-stomatologia.pl\/index.php?rest_route=\/wp\/v2\/pages\/1279","targetHints":{"allow":["GET"]}}],"collection":[{"href":"https:\/\/kielkowicz-stomatologia.pl\/index.php?rest_route=\/wp\/v2\/pages"}],"about":[{"href":"https:\/\/kielkowicz-stomatologia.pl\/index.php?rest_route=\/wp\/v2\/types\/page"}],"author":[{"embeddable":true,"href":"https:\/\/kielkowicz-stomatologia.pl\/index.php?rest_route=\/wp\/v2\/users\/1"}],"replies":[{"embeddable":true,"href":"https:\/\/kielkowicz-stomatologia.pl\/index.php?rest_route=%2Fwp%2Fv2%2Fcomments&post=1279"}],"version-history":[{"count":6,"href":"https:\/\/kielkowicz-stomatologia.pl\/index.php?rest_route=\/wp\/v2\/pages\/1279\/revisions"}],"predecessor-version":[{"id":1339,"href":"https:\/\/kielkowicz-stomatologia.pl\/index.php?rest_route=\/wp\/v2\/pages\/1279\/revisions\/1339"}],"wp:attachment":[{"href":"https:\/\/kielkowicz-stomatologia.pl\/index.php?rest_route=%2Fwp%2Fv2%2Fmedia&parent=1279"}],"curies":[{"name":"wp","href":"https:\/\/api.w.org\/{rel}","templated":true}]}}