{"id":1324,"date":"2025-09-05T10:48:37","date_gmt":"2025-09-05T08:48:37","guid":{"rendered":"https:\/\/new.kielkowicz-stomatologia.pl\/?page_id=1324"},"modified":"2025-09-05T11:15:46","modified_gmt":"2025-09-05T09:15:46","slug":"welcome-2-2-2-2-2","status":"publish","type":"page","link":"https:\/\/kielkowicz-stomatologia.pl\/?page_id=1324","title":{"rendered":"Diagnostyka Stomatologiczna 2.0"},"content":{"rendered":"\n<style type=\"text\/css\" data-created_by=\"avia_inline_auto\" id=\"style-css-av-mf1h5vj6-d87a262c1d02052184512d0f418d9312\">\n#top .av-special-heading.av-mf1h5vj6-d87a262c1d02052184512d0f418d9312{\npadding-bottom:10px;\n}\nbody .av-special-heading.av-mf1h5vj6-d87a262c1d02052184512d0f418d9312 .av-special-heading-tag .heading-char{\nfont-size:25px;\n}\n.av-special-heading.av-mf1h5vj6-d87a262c1d02052184512d0f418d9312 .av-subheading{\nfont-size:15px;\n}\n<\/style>\n<div  class='av-special-heading av-mf1h5vj6-d87a262c1d02052184512d0f418d9312 av-special-heading-h3  avia-builder-el-0  el_before_av_one_full  avia-builder-el-first '><h3 class='av-special-heading-tag'  itemprop=\"headline\"  >Diagnostyka Stomatologiczna 2.0<\/h3><div class=\"special-heading-border\"><div class=\"special-heading-inner-border\"><\/div><\/div><\/div>\n<div  class='flex_column av-ysjay-ba84e4e07b7b2bf45eaec66478506713 av_one_full  avia-builder-el-1  el_after_av_heading  el_before_av_textblock  first flex_column_div  '     ><p>\n<style type=\"text\/css\" data-created_by=\"avia_inline_auto\" id=\"style-css-av-meh67vur-f1671cac87763ce5a343a38a5de99ea2\">\n.avia-image-container.av-meh67vur-f1671cac87763ce5a343a38a5de99ea2 img.avia_image{\nbox-shadow:none;\n}\n.avia-image-container.av-meh67vur-f1671cac87763ce5a343a38a5de99ea2 .av-image-caption-overlay-center{\ncolor:#ffffff;\nfont-size:19px;\n}\n<\/style>\n<div  class='avia-image-container av-meh67vur-f1671cac87763ce5a343a38a5de99ea2 av-styling- avia-align-center  avia-builder-el-2  el_before_av_textblock  avia-builder-el-first '   itemprop=\"image\" itemscope=\"itemscope\" itemtype=\"https:\/\/schema.org\/ImageObject\" ><div class=\"avia-image-container-inner\"><div class=\"avia-image-overlay-wrap\"><img decoding=\"async\" fetchpriority=\"high\" class='wp-image-1237 avia-img-lazy-loading-not-1237 avia_image ' src=\"https:\/\/kielkowicz-stomatologia.pl\/wp-content\/uploads\/2025\/08\/Dent010-1500x630.jpg\" alt='Tomasz Kie\u0142kowicz' title='Dent010'  height=\"630\" width=\"1500\"  itemprop=\"thumbnailUrl\"  \/><\/div><\/div><\/div><br \/>\n<section  class='av_textblock_section av-mf1ht0fo-bbe630eb337c7ff50b8abe815047e12c '   itemscope=\"itemscope\" itemtype=\"https:\/\/schema.org\/CreativeWork\" ><div class='avia_textblock'  itemprop=\"text\" ><p>Tomasz Kie\u0142kowicz<\/p>\n<\/div><\/section><\/p><\/div><section  class='av_textblock_section av-mf1hglq9-fa7ab44edbbe251de0d247c0779ad378 '   itemscope=\"itemscope\" itemtype=\"https:\/\/schema.org\/CreativeWork\" ><div class='avia_textblock'  itemprop=\"text\" ><p><strong>Dlaczego u nas?<\/strong><\/p>\n<ul>\n<li>Pantomograf z <strong>oprogramowaniem opartym na sztucznej inteligencji<\/strong><\/li>\n<li>Tomograf <strong>badanie tr\u00f3jwymiarowe<\/strong><\/li>\n<li>Zaufa\u0142o nam wielu pacjent\u00f3w oraz gabinet\u00f3w stomatologicznych<\/li>\n<\/ul>\n<\/div><\/section><\/p>\n","protected":false},"excerpt":{"rendered":"","protected":false},"author":1,"featured_media":0,"parent":0,"menu_order":0,"comment_status":"closed","ping_status":"open","template":"","meta":{"footnotes":""},"class_list":["post-1324","page","type-page","status-publish","hentry"],"_links":{"self":[{"href":"https:\/\/kielkowicz-stomatologia.pl\/index.php?rest_route=\/wp\/v2\/pages\/1324","targetHints":{"allow":["GET"]}}],"collection":[{"href":"https:\/\/kielkowicz-stomatologia.pl\/index.php?rest_route=\/wp\/v2\/pages"}],"about":[{"href":"https:\/\/kielkowicz-stomatologia.pl\/index.php?rest_route=\/wp\/v2\/types\/page"}],"author":[{"embeddable":true,"href":"https:\/\/kielkowicz-stomatologia.pl\/index.php?rest_route=\/wp\/v2\/users\/1"}],"replies":[{"embeddable":true,"href":"https:\/\/kielkowicz-stomatologia.pl\/index.php?rest_route=%2Fwp%2Fv2%2Fcomments&post=1324"}],"version-history":[{"count":2,"href":"https:\/\/kielkowicz-stomatologia.pl\/index.php?rest_route=\/wp\/v2\/pages\/1324\/revisions"}],"predecessor-version":[{"id":1337,"href":"https:\/\/kielkowicz-stomatologia.pl\/index.php?rest_route=\/wp\/v2\/pages\/1324\/revisions\/1337"}],"wp:attachment":[{"href":"https:\/\/kielkowicz-stomatologia.pl\/index.php?rest_route=%2Fwp%2Fv2%2Fmedia&parent=1324"}],"curies":[{"name":"wp","href":"https:\/\/api.w.org\/{rel}","templated":true}]}}