{"id":330,"date":"2016-02-29T13:10:37","date_gmt":"2016-02-29T13:10:37","guid":{"rendered":"http:\/\/test.kriesi.at\/travel\/?page_id=2"},"modified":"2025-09-16T13:32:59","modified_gmt":"2025-09-16T11:32:59","slug":"welcome-2","status":"publish","type":"page","link":"https:\/\/kielkowicz-stomatologia.pl\/","title":{"rendered":"Start"},"content":{"rendered":"\n<style type=\"text\/css\" data-created_by=\"avia_inline_auto\" id=\"style-css-av-mf6lxc5i-df8cbdd024a4d994a93b447ca94f0b91\">\n#top .av-special-heading.av-mf6lxc5i-df8cbdd024a4d994a93b447ca94f0b91{\npadding-bottom:10px;\n}\nbody .av-special-heading.av-mf6lxc5i-df8cbdd024a4d994a93b447ca94f0b91 .av-special-heading-tag .heading-char{\nfont-size:25px;\n}\n.av-special-heading.av-mf6lxc5i-df8cbdd024a4d994a93b447ca94f0b91 .av-subheading{\nfont-size:15px;\n}\n<\/style>\n<div  class='av-special-heading av-mf6lxc5i-df8cbdd024a4d994a93b447ca94f0b91 av-special-heading-h3  avia-builder-el-0  el_before_av_one_half  avia-builder-el-first '><h3 class='av-special-heading-tag'  itemprop=\"headline\"  >Zajmujemy si\u0119 <\/h3><div class=\"special-heading-border\"><div class=\"special-heading-inner-border\"><\/div><\/div><\/div>\n<div  class='flex_column av-ysjay-ba84e4e07b7b2bf45eaec66478506713 av_one_half  avia-builder-el-1  el_after_av_heading  el_before_av_one_half  first flex_column_div  '     ><p>\n<style type=\"text\/css\" data-created_by=\"avia_inline_auto\" id=\"style-css-av-meh67vur-b257bb470c8fc162dae7ba78f05c0c86\">\n.avia-image-container.av-meh67vur-b257bb470c8fc162dae7ba78f05c0c86 img.avia_image{\nbox-shadow:none;\n}\n.avia-image-container.av-meh67vur-b257bb470c8fc162dae7ba78f05c0c86 .av-image-caption-overlay-center{\ncolor:#ffffff;\nfont-size:24px;\n}\n<\/style>\n<div  class='avia-image-container av-meh67vur-b257bb470c8fc162dae7ba78f05c0c86 av-styling- av-img-linked avia-align-center  avia-builder-el-2  el_before_av_button  avia-builder-el-first '   itemprop=\"image\" itemscope=\"itemscope\" itemtype=\"https:\/\/schema.org\/ImageObject\" ><div class=\"avia-image-container-inner\"><div class=\"avia-image-overlay-wrap\"><a href=\"https:\/\/kielkowicz-stomatologia.pl\/?page_id=1276\" class='avia_image '  aria-label='Tomasz Kie\u0142kowicz'><img decoding=\"async\" fetchpriority=\"high\" class='wp-image-1238 avia-img-lazy-loading-not-1238 avia_image ' src=\"https:\/\/kielkowicz-stomatologia.pl\/wp-content\/uploads\/2025\/08\/Dent011-495x400.jpg\" alt='' title='Tomasz Kie\u0142kowicz'  height=\"400\" width=\"495\"  itemprop=\"thumbnailUrl\" srcset=\"https:\/\/kielkowicz-stomatologia.pl\/wp-content\/uploads\/2025\/08\/Dent011-495x400.jpg 495w, https:\/\/kielkowicz-stomatologia.pl\/wp-content\/uploads\/2025\/08\/Dent011-845x684.jpg 845w\" sizes=\"(max-width: 495px) 100vw, 495px\" \/><\/a><\/div><\/div><\/div><br \/>\n<div  class='avia-button-wrap av-mfawley7-550b18818f50b33e5d7e532be0d37b11-wrap avia-button-center  avia-builder-el-3  el_after_av_image  avia-builder-el-last '><a href=''  class='avia-button av-mfawley7-550b18818f50b33e5d7e532be0d37b11 av-link-btn avia-icon_select-no avia-size-x-large avia-position-center avia-color-theme-color'  ><span class='avia_iconbox_title' >Endodoncja mikroskopowa<\/span><\/a><\/div><\/p><\/div><div  class='flex_column av-2hwd6-34ae484713e8adf0cc0cd0c6a5bdc593 av_one_half  avia-builder-el-4  el_after_av_one_half  el_before_av_one_half  flex_column_div  '     ><p>\n<style type=\"text\/css\" data-created_by=\"avia_inline_auto\" id=\"style-css-av-mfmgq85s-3fed2fd3de73f9d25114762d96e1812c\">\n.avia-image-container.av-mfmgq85s-3fed2fd3de73f9d25114762d96e1812c img.avia_image{\nbox-shadow:none;\n}\n.avia-image-container.av-mfmgq85s-3fed2fd3de73f9d25114762d96e1812c .av-image-caption-overlay-center{\ncolor:#ffffff;\n}\n<\/style>\n<div  class='avia-image-container av-mfmgq85s-3fed2fd3de73f9d25114762d96e1812c av-styling- av-img-linked avia-align-center  avia-builder-el-5  el_before_av_button  avia-builder-el-first '   itemprop=\"image\" itemscope=\"itemscope\" itemtype=\"https:\/\/schema.org\/ImageObject\" ><div class=\"avia-image-container-inner\"><div class=\"avia-image-overlay-wrap\"><a href=\"https:\/\/kielkowicz-stomatologia.pl\/?page_id=1279\" class='avia_image '  aria-label='And\u017celika Prusek'><img decoding=\"async\" fetchpriority=\"high\" class='wp-image-1239 avia-img-lazy-loading-not-1239 avia_image ' src=\"https:\/\/kielkowicz-stomatologia.pl\/wp-content\/uploads\/2025\/08\/Dent013-495x400.jpg\" alt='' title='And\u017celika Prusek'  height=\"400\" width=\"495\"  itemprop=\"thumbnailUrl\" srcset=\"https:\/\/kielkowicz-stomatologia.pl\/wp-content\/uploads\/2025\/08\/Dent013-495x400.jpg 495w, https:\/\/kielkowicz-stomatologia.pl\/wp-content\/uploads\/2025\/08\/Dent013-845x684.jpg 845w\" sizes=\"(max-width: 495px) 100vw, 495px\" \/><\/a><\/div><\/div><\/div><br \/>\n<div  class='avia-button-wrap av-mfmgp20o-37e154665e195e6329251ba39f10d6ba-wrap avia-button-center  avia-builder-el-6  el_after_av_image  avia-builder-el-last '><a href='https:\/\/kielkowicz-stomatologia.pl\/?page_id=1279'  class='avia-button av-mfmgp20o-37e154665e195e6329251ba39f10d6ba av-link-btn avia-icon_select-no avia-size-x-large avia-position-center avia-color-theme-color'  ><span class='avia_iconbox_title' >Leczenie pr\u00f3chnicy i odbudowa z\u0119b\u00f3w<\/span><\/a><\/div><\/p><\/div><div  class='flex_column av-nfbtm-7862ec59a4409b5bd59dd8cfe26d3513 av_one_half  avia-builder-el-7  el_after_av_one_half  el_before_av_one_half  first flex_column_div  column-top-margin'     ><p>\n<style type=\"text\/css\" data-created_by=\"avia_inline_auto\" id=\"style-css-av-meh6b9jn-1d942cebaf8ae0099ad4f02b92298821\">\n.avia-image-container.av-meh6b9jn-1d942cebaf8ae0099ad4f02b92298821 img.avia_image{\nbox-shadow:none;\n}\n.avia-image-container.av-meh6b9jn-1d942cebaf8ae0099ad4f02b92298821 .av-image-caption-overlay-center{\ncolor:#ffffff;\n}\n<\/style>\n<div  class='avia-image-container av-meh6b9jn-1d942cebaf8ae0099ad4f02b92298821 av-styling- av-img-linked avia-align-center  avia-builder-el-8  el_before_av_button  avia-builder-el-first '   itemprop=\"image\" itemscope=\"itemscope\" itemtype=\"https:\/\/schema.org\/ImageObject\" ><div class=\"avia-image-container-inner\"><div class=\"avia-image-overlay-wrap\"><a href=\"https:\/\/kielkowicz-stomatologia.pl\/?page_id=1324\" class='avia_image '  aria-label='Dent010'><img decoding=\"async\" fetchpriority=\"high\" class='wp-image-1237 avia-img-lazy-loading-not-1237 avia_image ' src=\"https:\/\/kielkowicz-stomatologia.pl\/wp-content\/uploads\/2025\/08\/Dent010-495x400.jpg\" alt='Tomasz Kie\u0142kowicz' title='Dent010'  height=\"400\" width=\"495\"  itemprop=\"thumbnailUrl\" srcset=\"https:\/\/kielkowicz-stomatologia.pl\/wp-content\/uploads\/2025\/08\/Dent010-495x400.jpg 495w, https:\/\/kielkowicz-stomatologia.pl\/wp-content\/uploads\/2025\/08\/Dent010-845x684.jpg 845w\" sizes=\"(max-width: 495px) 100vw, 495px\" \/><\/a><\/div><\/div><\/div><br \/>\n<div  class='avia-button-wrap av-mfmguod5-bbc86514d0ca3e399d6b314d0168a055-wrap avia-button-center  avia-builder-el-9  el_after_av_image  avia-builder-el-last '><a href='https:\/\/kielkowicz-stomatologia.pl\/?page_id=1324'  class='avia-button av-mfmguod5-bbc86514d0ca3e399d6b314d0168a055 av-link-btn avia-icon_select-no avia-size-x-large avia-position-center avia-color-theme-color'  ><span class='avia_iconbox_title' >Diagnostyka Stomatologiczna 2.0<\/span><\/a><\/div><\/p><\/div><div  class='flex_column av-goega-b936a84dc7cd4e5e282edc0e9e2d04cc av_one_half  avia-builder-el-10  el_after_av_one_half  avia-builder-el-last  flex_column_div  column-top-margin'     ><p>\n<style type=\"text\/css\" data-created_by=\"avia_inline_auto\" id=\"style-css-av-meh6bnlf-d823399f77ff6d0257206913a66307d5\">\n.avia-image-container.av-meh6bnlf-d823399f77ff6d0257206913a66307d5 img.avia_image{\nbox-shadow:none;\n}\n.avia-image-container.av-meh6bnlf-d823399f77ff6d0257206913a66307d5 .av-image-caption-overlay-center{\ncolor:#ffffff;\n}\n<\/style>\n<div  class='avia-image-container av-meh6bnlf-d823399f77ff6d0257206913a66307d5 av-styling- av-img-linked avia-align-center  avia-builder-el-11  el_before_av_button  avia-builder-el-first '   itemprop=\"image\" itemscope=\"itemscope\" itemtype=\"https:\/\/schema.org\/ImageObject\" ><div class=\"avia-image-container-inner\"><div class=\"avia-image-overlay-wrap\"><a href=\"https:\/\/kielkowicz-stomatologia.pl\/?page_id=1322\" class='avia_image '  aria-label='Profesjionalna higienizacja'><img decoding=\"async\" fetchpriority=\"high\" class='wp-image-1240 avia-img-lazy-loading-not-1240 avia_image ' src=\"https:\/\/kielkowicz-stomatologia.pl\/wp-content\/uploads\/2025\/08\/Dent015-495x400.jpg\" alt='' title='Profesjionalna higienizacja'  height=\"400\" width=\"495\"  itemprop=\"thumbnailUrl\" srcset=\"https:\/\/kielkowicz-stomatologia.pl\/wp-content\/uploads\/2025\/08\/Dent015-495x400.jpg 495w, https:\/\/kielkowicz-stomatologia.pl\/wp-content\/uploads\/2025\/08\/Dent015-845x684.jpg 845w\" sizes=\"(max-width: 495px) 100vw, 495px\" \/><\/a><\/div><\/div><\/div><br \/>\n<div  class='avia-button-wrap av-mfmgv7vs-4049c65577405eab0963c345f32ba149-wrap avia-button-center  avia-builder-el-12  el_after_av_image  avia-builder-el-last '><a href='https:\/\/kielkowicz-stomatologia.pl\/?page_id=1322'  class='avia-button av-mfmgv7vs-4049c65577405eab0963c345f32ba149 av-link-btn avia-icon_select-no avia-size-x-large avia-position-center avia-color-theme-color'  ><span class='avia_iconbox_title' >Profesjonalna higienizacja<\/span><\/a><\/div><\/p><\/div><\/p>\n","protected":false},"excerpt":{"rendered":"","protected":false},"author":1,"featured_media":0,"parent":0,"menu_order":0,"comment_status":"closed","ping_status":"open","template":"","meta":{"footnotes":""},"class_list":["post-330","page","type-page","status-publish","hentry"],"_links":{"self":[{"href":"https:\/\/kielkowicz-stomatologia.pl\/index.php?rest_route=\/wp\/v2\/pages\/330","targetHints":{"allow":["GET"]}}],"collection":[{"href":"https:\/\/kielkowicz-stomatologia.pl\/index.php?rest_route=\/wp\/v2\/pages"}],"about":[{"href":"https:\/\/kielkowicz-stomatologia.pl\/index.php?rest_route=\/wp\/v2\/types\/page"}],"author":[{"embeddable":true,"href":"https:\/\/kielkowicz-stomatologia.pl\/index.php?rest_route=\/wp\/v2\/users\/1"}],"replies":[{"embeddable":true,"href":"https:\/\/kielkowicz-stomatologia.pl\/index.php?rest_route=%2Fwp%2Fv2%2Fcomments&post=330"}],"version-history":[{"count":102,"href":"https:\/\/kielkowicz-stomatologia.pl\/index.php?rest_route=\/wp\/v2\/pages\/330\/revisions"}],"predecessor-version":[{"id":1393,"href":"https:\/\/kielkowicz-stomatologia.pl\/index.php?rest_route=\/wp\/v2\/pages\/330\/revisions\/1393"}],"wp:attachment":[{"href":"https:\/\/kielkowicz-stomatologia.pl\/index.php?rest_route=%2Fwp%2Fv2%2Fmedia&parent=330"}],"curies":[{"name":"wp","href":"https:\/\/api.w.org\/{rel}","templated":true}]}}